{"id":144221,"date":"2022-09-12T20:21:59","date_gmt":"2022-09-12T18:21:59","guid":{"rendered":"https:\/\/giftsgroup.com.pl\/product\/impact-5panel-280gr-recycled-cotton-cap-with-aware-tracer-p453-316\/"},"modified":"2022-09-13T00:48:52","modified_gmt":"2022-09-12T22:48:52","slug":"impact-5panel-280gr-recycled-cotton-cap-with-aware-tracer-p453-316","status":"publish","type":"product","link":"https:\/\/giftsgroup.com.pl\/en\/product\/impact-5panel-280gr-recycled-cotton-cap-with-aware-tracer-p453-316\/","title":{"rendered":"Impact 5panel 280gr Recycled cotton cap with AWARE\u2122 tracer P453.316"},"content":{"rendered":"<p>No greenwashing, but telling a true story about sustainability! This Impact collection is made with AWARE\u2122 tracer. With AWARE\u2122, the use of genuine recycled fabric materials and water reduction impact claims are guaranteed, by using the AWARE disruptive physical tracer and blockchain technology. Save water and use genuine recycled fabrics. With the focus on water 2% of proceeds of each sold Impact product will be donated to Water.org. This cap has saved 387 litres of water.A simple and comfortable cap suited for anyone. This 5 panel cap has a curved visor, embroidered eyelets for ventilation and metal buckle. Cotton twill made of 100% recycled materials and AWARE\u2122 tracer. The material weight is 280 g\/m2. Size 58cm.<\/p>\n<ul>\n<li>Color: \u017c\u00f3\u0142ty<\/li>\n<li>Code of color: P453.316<\/li>\n<li>Page: 275<\/li>\n<li>Material: Cotton<\/li>\n<li>Dimensions: 12 x &#216; 18,5 cm<\/li>\n<li>Product labeling: item &#8211; front 90&#215;50 TF1 DTF1<\/li>\n<\/ul>\n<p><strong>Additional information<\/strong><\/p>\n<ul>\n<li>packing: 200 szt.<\/li>\n<li>cardboard dimensions: 70 x 45,5 x 36,5 cm<\/li>\n<li>carton weight: 17,3 kg<\/li>\n<\/ul>\n","protected":false},"excerpt":{"rendered":"<p>No greenwashing, but telling a true story about sustainability! This Impact collection is made with AWARE\u2122 tracer. With AWARE\u2122, the use of genuine recycled fabric materials and water reduction impact claims are guaranteed, by using the AWARE disruptive physical tracer and blockchain technology. Save water and use genuine recycled fabrics. With the focus on water 2% of proceeds of each sold Impact product will be donated to Water.org. This cap has saved 387 litres of water.A simple and comfortable cap suited for anyone. This 5 panel cap has a curved visor, embroidered eyelets for ventilation and metal buckle. Cotton twill made of 100% recycled materials and AWARE\u2122 tracer. The material weight is 280 g\/m2. Size 58cm.<\/p>\n","protected":false},"featured_media":138432,"template":"","meta":[],"product_brand":[],"product_cat":[836,835],"product_tag":[],"class_list":{"0":"post-144221","1":"product","2":"type-product","3":"status-publish","4":"has-post-thumbnail","6":"product_cat-caps","7":"product_cat-textiles","8":"pa_color-yellow","10":"first","11":"instock","12":"purchasable","13":"product-type-simple"},"yoast_head":"<title>Impact 5panel 280gr Recycled cotton cap with AWARE\u2122 tracer P453.316 - giftsgroup<\/title>\n<meta name=\"robots\" content=\"index, follow, max-snippet:-1, max-image-preview:large, max-video-preview:-1\" \/>\n<link rel=\"canonical\" href=\"https:\/\/giftsgroup.com.pl\/en\/product\/impact-5panel-280gr-recycled-cotton-cap-with-aware-tracer-p453-316\/\" \/>\n<meta property=\"og:locale\" content=\"en_US\" \/>\n<meta property=\"og:type\" content=\"article\" \/>\n<meta property=\"og:title\" content=\"Impact 5panel 280gr Recycled cotton cap with AWARE\u2122 tracer P453.316 - giftsgroup\" \/>\n<meta property=\"og:description\" content=\"No greenwashing, but telling a true story about sustainability! This Impact collection is made with AWARE\u2122 tracer. With AWARE\u2122, the use of genuine recycled fabric materials and water reduction impact claims are guaranteed, by using the AWARE disruptive physical tracer and blockchain technology. Save water and use genuine recycled fabrics. With the focus on water 2% of proceeds of each sold Impact product will be donated to Water.org. This cap has saved 387 litres of water.A simple and comfortable cap suited for anyone. This 5 panel cap has a curved visor, embroidered eyelets for ventilation and metal buckle. Cotton twill made of 100% recycled materials and AWARE\u2122 tracer. The material weight is 280 g\/m2. Size 58cm.\" \/>\n<meta property=\"og:url\" content=\"https:\/\/giftsgroup.com.pl\/en\/product\/impact-5panel-280gr-recycled-cotton-cap-with-aware-tracer-p453-316\/\" \/>\n<meta property=\"og:site_name\" content=\"giftsgroup\" \/>\n<meta property=\"article:modified_time\" content=\"2022-09-12T22:48:52+00:00\" \/>\n<meta property=\"og:image\" content=\"https:\/\/giftsgroup.com.pl\/wp-content\/uploads\/2022\/09\/P453316_01.jpg\" \/>\n\t<meta property=\"og:image:width\" content=\"600\" \/>\n\t<meta property=\"og:image:height\" content=\"600\" \/>\n\t<meta property=\"og:image:type\" content=\"image\/jpeg\" \/>\n<meta name=\"twitter:card\" content=\"summary_large_image\" \/>\n<meta name=\"twitter:label1\" content=\"Est. reading time\" \/>\n\t<meta name=\"twitter:data1\" content=\"1 minute\" \/>\n<script type=\"application\/ld+json\" class=\"yoast-schema-graph\">{\"@context\":\"https:\/\/schema.org\",\"@graph\":[{\"@type\":\"WebPage\",\"@id\":\"https:\/\/giftsgroup.com.pl\/en\/product\/impact-5panel-280gr-recycled-cotton-cap-with-aware-tracer-p453-316\/\",\"url\":\"https:\/\/giftsgroup.com.pl\/en\/product\/impact-5panel-280gr-recycled-cotton-cap-with-aware-tracer-p453-316\/\",\"name\":\"Impact 5panel 280gr Recycled cotton cap with AWARE\u2122 tracer P453.316 - giftsgroup\",\"isPartOf\":{\"@id\":\"https:\/\/giftsgroup.com.pl\/en\/#website\"},\"primaryImageOfPage\":{\"@id\":\"https:\/\/giftsgroup.com.pl\/en\/product\/impact-5panel-280gr-recycled-cotton-cap-with-aware-tracer-p453-316\/#primaryimage\"},\"image\":{\"@id\":\"https:\/\/giftsgroup.com.pl\/en\/product\/impact-5panel-280gr-recycled-cotton-cap-with-aware-tracer-p453-316\/#primaryimage\"},\"thumbnailUrl\":\"https:\/\/giftsgroup.com.pl\/wp-content\/uploads\/2022\/09\/P453316_01.jpg\",\"datePublished\":\"2022-09-12T18:21:59+00:00\",\"dateModified\":\"2022-09-12T22:48:52+00:00\",\"breadcrumb\":{\"@id\":\"https:\/\/giftsgroup.com.pl\/en\/product\/impact-5panel-280gr-recycled-cotton-cap-with-aware-tracer-p453-316\/#breadcrumb\"},\"inLanguage\":\"en-US\",\"potentialAction\":[{\"@type\":\"ReadAction\",\"target\":[\"https:\/\/giftsgroup.com.pl\/en\/product\/impact-5panel-280gr-recycled-cotton-cap-with-aware-tracer-p453-316\/\"]}]},{\"@type\":\"ImageObject\",\"inLanguage\":\"en-US\",\"@id\":\"https:\/\/giftsgroup.com.pl\/en\/product\/impact-5panel-280gr-recycled-cotton-cap-with-aware-tracer-p453-316\/#primaryimage\",\"url\":\"https:\/\/giftsgroup.com.pl\/wp-content\/uploads\/2022\/09\/P453316_01.jpg\",\"contentUrl\":\"https:\/\/giftsgroup.com.pl\/wp-content\/uploads\/2022\/09\/P453316_01.jpg\",\"width\":600,\"height\":600},{\"@type\":\"BreadcrumbList\",\"@id\":\"https:\/\/giftsgroup.com.pl\/en\/product\/impact-5panel-280gr-recycled-cotton-cap-with-aware-tracer-p453-316\/#breadcrumb\",\"itemListElement\":[{\"@type\":\"ListItem\",\"position\":1,\"name\":\"Strona g\u0142\u00f3wna\",\"item\":\"https:\/\/giftsgroup.com.pl\/en\/\"},{\"@type\":\"ListItem\",\"position\":2,\"name\":\"Product Catalog\",\"item\":\"https:\/\/giftsgroup.com.pl\/en\/catalog\/\"},{\"@type\":\"ListItem\",\"position\":3,\"name\":\"Impact 5panel 280gr Recycled cotton cap with AWARE\u2122 tracer P453.316\"}]},{\"@type\":\"WebSite\",\"@id\":\"https:\/\/giftsgroup.com.pl\/en\/#website\",\"url\":\"https:\/\/giftsgroup.com.pl\/en\/\",\"name\":\"giftsgroup\",\"description\":\"Gad\u017cety dla Twojej firmy\",\"potentialAction\":[{\"@type\":\"SearchAction\",\"target\":{\"@type\":\"EntryPoint\",\"urlTemplate\":\"https:\/\/giftsgroup.com.pl\/en\/?s={search_term_string}\"},\"query-input\":{\"@type\":\"PropertyValueSpecification\",\"valueRequired\":true,\"valueName\":\"search_term_string\"}}],\"inLanguage\":\"en-US\"}]}<\/script>","yoast_head_json":{"title":"Impact 5panel 280gr Recycled cotton cap with AWARE\u2122 tracer P453.316 - giftsgroup","robots":{"index":"index","follow":"follow","max-snippet":"max-snippet:-1","max-image-preview":"max-image-preview:large","max-video-preview":"max-video-preview:-1"},"canonical":"https:\/\/giftsgroup.com.pl\/en\/product\/impact-5panel-280gr-recycled-cotton-cap-with-aware-tracer-p453-316\/","og_locale":"en_US","og_type":"article","og_title":"Impact 5panel 280gr Recycled cotton cap with AWARE\u2122 tracer P453.316 - giftsgroup","og_description":"No greenwashing, but telling a true story about sustainability! This Impact collection is made with AWARE\u2122 tracer. With AWARE\u2122, the use of genuine recycled fabric materials and water reduction impact claims are guaranteed, by using the AWARE disruptive physical tracer and blockchain technology. Save water and use genuine recycled fabrics. With the focus on water 2% of proceeds of each sold Impact product will be donated to Water.org. This cap has saved 387 litres of water.A simple and comfortable cap suited for anyone. This 5 panel cap has a curved visor, embroidered eyelets for ventilation and metal buckle. Cotton twill made of 100% recycled materials and AWARE\u2122 tracer. The material weight is 280 g\/m2. Size 58cm.","og_url":"https:\/\/giftsgroup.com.pl\/en\/product\/impact-5panel-280gr-recycled-cotton-cap-with-aware-tracer-p453-316\/","og_site_name":"giftsgroup","article_modified_time":"2022-09-12T22:48:52+00:00","og_image":[{"width":600,"height":600,"url":"https:\/\/giftsgroup.com.pl\/wp-content\/uploads\/2022\/09\/P453316_01.jpg","type":"image\/jpeg"}],"twitter_card":"summary_large_image","twitter_misc":{"Est. reading time":"1 minute"},"schema":{"@context":"https:\/\/schema.org","@graph":[{"@type":"WebPage","@id":"https:\/\/giftsgroup.com.pl\/en\/product\/impact-5panel-280gr-recycled-cotton-cap-with-aware-tracer-p453-316\/","url":"https:\/\/giftsgroup.com.pl\/en\/product\/impact-5panel-280gr-recycled-cotton-cap-with-aware-tracer-p453-316\/","name":"Impact 5panel 280gr Recycled cotton cap with AWARE\u2122 tracer P453.316 - giftsgroup","isPartOf":{"@id":"https:\/\/giftsgroup.com.pl\/en\/#website"},"primaryImageOfPage":{"@id":"https:\/\/giftsgroup.com.pl\/en\/product\/impact-5panel-280gr-recycled-cotton-cap-with-aware-tracer-p453-316\/#primaryimage"},"image":{"@id":"https:\/\/giftsgroup.com.pl\/en\/product\/impact-5panel-280gr-recycled-cotton-cap-with-aware-tracer-p453-316\/#primaryimage"},"thumbnailUrl":"https:\/\/giftsgroup.com.pl\/wp-content\/uploads\/2022\/09\/P453316_01.jpg","datePublished":"2022-09-12T18:21:59+00:00","dateModified":"2022-09-12T22:48:52+00:00","breadcrumb":{"@id":"https:\/\/giftsgroup.com.pl\/en\/product\/impact-5panel-280gr-recycled-cotton-cap-with-aware-tracer-p453-316\/#breadcrumb"},"inLanguage":"en-US","potentialAction":[{"@type":"ReadAction","target":["https:\/\/giftsgroup.com.pl\/en\/product\/impact-5panel-280gr-recycled-cotton-cap-with-aware-tracer-p453-316\/"]}]},{"@type":"ImageObject","inLanguage":"en-US","@id":"https:\/\/giftsgroup.com.pl\/en\/product\/impact-5panel-280gr-recycled-cotton-cap-with-aware-tracer-p453-316\/#primaryimage","url":"https:\/\/giftsgroup.com.pl\/wp-content\/uploads\/2022\/09\/P453316_01.jpg","contentUrl":"https:\/\/giftsgroup.com.pl\/wp-content\/uploads\/2022\/09\/P453316_01.jpg","width":600,"height":600},{"@type":"BreadcrumbList","@id":"https:\/\/giftsgroup.com.pl\/en\/product\/impact-5panel-280gr-recycled-cotton-cap-with-aware-tracer-p453-316\/#breadcrumb","itemListElement":[{"@type":"ListItem","position":1,"name":"Strona g\u0142\u00f3wna","item":"https:\/\/giftsgroup.com.pl\/en\/"},{"@type":"ListItem","position":2,"name":"Product Catalog","item":"https:\/\/giftsgroup.com.pl\/en\/catalog\/"},{"@type":"ListItem","position":3,"name":"Impact 5panel 280gr Recycled cotton cap with AWARE\u2122 tracer P453.316"}]},{"@type":"WebSite","@id":"https:\/\/giftsgroup.com.pl\/en\/#website","url":"https:\/\/giftsgroup.com.pl\/en\/","name":"giftsgroup","description":"Gad\u017cety dla Twojej firmy","potentialAction":[{"@type":"SearchAction","target":{"@type":"EntryPoint","urlTemplate":"https:\/\/giftsgroup.com.pl\/en\/?s={search_term_string}"},"query-input":{"@type":"PropertyValueSpecification","valueRequired":true,"valueName":"search_term_string"}}],"inLanguage":"en-US"}]}},"_links":{"self":[{"href":"https:\/\/giftsgroup.com.pl\/en\/wp-json\/wp\/v2\/product\/144221","targetHints":{"allow":["GET"]}}],"collection":[{"href":"https:\/\/giftsgroup.com.pl\/en\/wp-json\/wp\/v2\/product"}],"about":[{"href":"https:\/\/giftsgroup.com.pl\/en\/wp-json\/wp\/v2\/types\/product"}],"wp:featuredmedia":[{"embeddable":true,"href":"https:\/\/giftsgroup.com.pl\/en\/wp-json\/wp\/v2\/media\/138432"}],"wp:attachment":[{"href":"https:\/\/giftsgroup.com.pl\/en\/wp-json\/wp\/v2\/media?parent=144221"}],"wp:term":[{"taxonomy":"product_brand","embeddable":true,"href":"https:\/\/giftsgroup.com.pl\/en\/wp-json\/wp\/v2\/product_brand?post=144221"},{"taxonomy":"product_cat","embeddable":true,"href":"https:\/\/giftsgroup.com.pl\/en\/wp-json\/wp\/v2\/product_cat?post=144221"},{"taxonomy":"product_tag","embeddable":true,"href":"https:\/\/giftsgroup.com.pl\/en\/wp-json\/wp\/v2\/product_tag?post=144221"}],"curies":[{"name":"wp","href":"https:\/\/api.w.org\/{rel}","templated":true}]}}